{"id":2,"date":"2021-04-22T14:45:45","date_gmt":"2021-04-22T14:45:45","guid":{"rendered":"https:\/\/www.silven.fi\/?page_id=2"},"modified":"2025-04-04T19:36:27","modified_gmt":"2025-04-04T16:36:27","slug":"sample-page","status":"publish","type":"page","link":"https:\/\/www.silven.fi\/","title":{"rendered":"Yliopistoyhteis\u00f6n hyv\u00e4ksi"},"content":{"rendered":"\n<p>T\u00e4m\u00e4 blogi perustuu osoitettuihin tosiseikkoihin: dokumentoituihin tapahtumiin, asiakirjoihin ja tilastodataan.&nbsp;Asiapohjaisen keskustelun on aina oltava mahdollista. Muu vahingoittaa Oulun yliopistoa ja Pohjois-Suomea.&nbsp;<\/p>\n\n\n\n<p><a href=\"https:\/\/www.silven.fi\/index.php\/2022\/02\/02\/blogiartikkelien-tiivistelmat\/\">Aiempien blogiartikkelieni luettelo ja tiivistelm\u00e4t l\u00f6ytyv\u00e4t t\u00e4st\u00e4 linkiss\u00e4.<\/a> Lue my\u00f6s <a href=\"https:\/\/www.silven.fi\/index.php\/tietosuojaseloste\/\">tietosuojaseloste<\/a>.<\/p>\n\n\n<div class=\"wp-block-image\">\n<figure class=\"aligncenter size-full\"><img loading=\"lazy\" decoding=\"async\" width=\"292\" height=\"200\" src=\"https:\/\/www.silven.fi\/wp-content\/uploads\/2024\/11\/image-3.png\" alt=\"\" class=\"wp-image-8637\"\/><\/figure>\n<\/div>\n\n\n<p>Blogisti: Olli Silv\u00e9n, emeritusprofessori 1.1.2024 l\u00e4htien, yliopistokollegion j\u00e4sen 31.12.2023 asti. <a href=\"https:\/\/yle.fi\/a\/74-20127242\">Hermes-palkinto 2024<\/a> ansioituneesta yliopistopoliittisesta toiminnasta.<\/p>\n","protected":false},"excerpt":{"rendered":"<p>T\u00e4m\u00e4 blogi perustuu osoitettuihin tosiseikkoihin: dokumentoituihin tapahtumiin, asiakirjoihin ja tilastodataan.&nbsp;Asiapohjaisen keskustelun on aina oltava mahdollista. Muu vahingoittaa Oulun yliopistoa ja Pohjois-Suomea.&nbsp; Aiempien blogiartikkelieni luettelo ja tiivistelm\u00e4t l\u00f6ytyv\u00e4t t\u00e4st\u00e4 linkiss\u00e4. Lue my\u00f6s tietosuojaseloste. Blogisti: Olli Silv\u00e9n, emeritusprofessori 1.1.2024 l\u00e4htien, yliopistokollegion j\u00e4sen 31.12.2023 asti. Hermes-palkinto 2024 ansioituneesta yliopistopoliittisesta toiminnasta.<\/p>\n","protected":false},"author":1,"featured_media":0,"parent":0,"menu_order":0,"comment_status":"closed","ping_status":"open","template":"","meta":{"footnotes":""},"class_list":["post-2","page","type-page","status-publish","hentry","entry"],"_links":{"self":[{"href":"https:\/\/www.silven.fi\/index.php\/wp-json\/wp\/v2\/pages\/2","targetHints":{"allow":["GET"]}}],"collection":[{"href":"https:\/\/www.silven.fi\/index.php\/wp-json\/wp\/v2\/pages"}],"about":[{"href":"https:\/\/www.silven.fi\/index.php\/wp-json\/wp\/v2\/types\/page"}],"author":[{"embeddable":true,"href":"https:\/\/www.silven.fi\/index.php\/wp-json\/wp\/v2\/users\/1"}],"replies":[{"embeddable":true,"href":"https:\/\/www.silven.fi\/index.php\/wp-json\/wp\/v2\/comments?post=2"}],"version-history":[{"count":5,"href":"https:\/\/www.silven.fi\/index.php\/wp-json\/wp\/v2\/pages\/2\/revisions"}],"predecessor-version":[{"id":8639,"href":"https:\/\/www.silven.fi\/index.php\/wp-json\/wp\/v2\/pages\/2\/revisions\/8639"}],"wp:attachment":[{"href":"https:\/\/www.silven.fi\/index.php\/wp-json\/wp\/v2\/media?parent=2"}],"curies":[{"name":"wp","href":"https:\/\/api.w.org\/{rel}","templated":true}]}}